{"id":13,"date":"2017-03-10T12:28:18","date_gmt":"2017-03-10T11:28:18","guid":{"rendered":"http:\/\/aktivstall-am-talbach.de\/?page_id=13"},"modified":"2018-05-10T19:58:01","modified_gmt":"2018-05-10T17:58:01","slug":"fuetterung","status":"publish","type":"page","link":"https:\/\/aktivstall-am-talbach.de\/?page_id=13","title":{"rendered":"F\u00fctterung"},"content":{"rendered":"<p><em>Pferde haben immer Appetit. Der kleine Magen der Pferde macht eine m\u00f6glichst h\u00e4ufige Futteraufnahme in kleinen Portionen notwendig. Lange Fresszeiten sorgen f\u00fcr Besch\u00e4ftigung und befriedigen das Kaubed\u00fcrfnis. Dabei sollte das Pferd in seiner nat\u00fcrlichen Fresshaltung mit Kopf am Boden das Futter aufnehmen.<\/em><\/p>\n<p><em>Durch die Computergesteuerte Kraft- und Raufutterstationen ist eine individuelle F\u00fctterung der Pferde gew\u00e4hrleistet. Futterpl\u00e4ne (Menge und Anzahl der Rationen pro Tag bzw. Stunde) werden je nach Bed\u00fcrfnis des Pferdes gemeinsam mit dem Besitzer festgelegt.<\/em><\/p>\n<p><a href=\"http:\/\/aktivstall-am-talbach.de\/wp-content\/uploads\/2018\/05\/DSC_2716.jpg\"><img loading=\"lazy\" decoding=\"async\" class=\"alignleft wp-image-473 size-large\" src=\"http:\/\/aktivstall-am-talbach.de\/wp-content\/uploads\/2018\/05\/DSC_2716-1024x685.jpg\" alt=\"\" width=\"525\" height=\"351\" srcset=\"https:\/\/aktivstall-am-talbach.de\/wp-content\/uploads\/2018\/05\/DSC_2716-1024x685.jpg 1024w, https:\/\/aktivstall-am-talbach.de\/wp-content\/uploads\/2018\/05\/DSC_2716-300x201.jpg 300w, https:\/\/aktivstall-am-talbach.de\/wp-content\/uploads\/2018\/05\/DSC_2716-768x514.jpg 768w\" sizes=\"auto, (max-width: 525px) 100vw, 525px\" \/><\/a><\/p>\n","protected":false},"excerpt":{"rendered":"<p>Pferde haben immer Appetit. Der kleine Magen der Pferde macht eine m\u00f6glichst h\u00e4ufige Futteraufnahme in kleinen Portionen notwendig. Lange Fresszeiten sorgen f\u00fcr Besch\u00e4ftigung und befriedigen das Kaubed\u00fcrfnis. Dabei sollte das Pferd in seiner nat\u00fcrlichen Fresshaltung mit Kopf am Boden das Futter aufnehmen. Durch die Computergesteuerte Kraft- und Raufutterstationen ist eine individuelle F\u00fctterung der Pferde gew\u00e4hrleistet. &hellip; <\/p>\n<p class=\"link-more\"><a href=\"https:\/\/aktivstall-am-talbach.de\/?page_id=13\" class=\"more-link\"><span class=\"screen-reader-text\">\u201eF\u00fctterung\u201c<\/span> weiterlesen<\/a><\/p>\n","protected":false},"author":1,"featured_media":0,"parent":0,"menu_order":0,"comment_status":"closed","ping_status":"closed","template":"","meta":{"ngg_post_thumbnail":0,"footnotes":""},"class_list":["post-13","page","type-page","status-publish","hentry"],"aioseo_notices":[],"_links":{"self":[{"href":"https:\/\/aktivstall-am-talbach.de\/index.php?rest_route=\/wp\/v2\/pages\/13","targetHints":{"allow":["GET"]}}],"collection":[{"href":"https:\/\/aktivstall-am-talbach.de\/index.php?rest_route=\/wp\/v2\/pages"}],"about":[{"href":"https:\/\/aktivstall-am-talbach.de\/index.php?rest_route=\/wp\/v2\/types\/page"}],"author":[{"embeddable":true,"href":"https:\/\/aktivstall-am-talbach.de\/index.php?rest_route=\/wp\/v2\/users\/1"}],"replies":[{"embeddable":true,"href":"https:\/\/aktivstall-am-talbach.de\/index.php?rest_route=%2Fwp%2Fv2%2Fcomments&post=13"}],"version-history":[{"count":5,"href":"https:\/\/aktivstall-am-talbach.de\/index.php?rest_route=\/wp\/v2\/pages\/13\/revisions"}],"predecessor-version":[{"id":510,"href":"https:\/\/aktivstall-am-talbach.de\/index.php?rest_route=\/wp\/v2\/pages\/13\/revisions\/510"}],"wp:attachment":[{"href":"https:\/\/aktivstall-am-talbach.de\/index.php?rest_route=%2Fwp%2Fv2%2Fmedia&parent=13"}],"curies":[{"name":"wp","href":"https:\/\/api.w.org\/{rel}","templated":true}]}}