{"id":16,"date":"2017-03-10T12:28:18","date_gmt":"2017-03-10T11:28:18","guid":{"rendered":"http:\/\/aktivstall-am-talbach.de\/?page_id=16"},"modified":"2018-05-10T20:16:54","modified_gmt":"2018-05-10T18:16:54","slug":"unterhaltung","status":"publish","type":"page","link":"https:\/\/aktivstall-am-talbach.de\/?page_id=16","title":{"rendered":"Unterhaltung"},"content":{"rendered":"<p>&nbsp;<\/p>\n<p><a href=\"http:\/\/aktivstall-am-talbach.de\/wp-content\/uploads\/2018\/05\/22221609_1873807649600154_4464158639980953121_n.jpg\"><img loading=\"lazy\" decoding=\"async\" class=\"alignleft wp-image-526 size-full\" src=\"http:\/\/aktivstall-am-talbach.de\/wp-content\/uploads\/2018\/05\/22221609_1873807649600154_4464158639980953121_n.jpg\" alt=\"\" width=\"960\" height=\"720\" srcset=\"https:\/\/aktivstall-am-talbach.de\/wp-content\/uploads\/2018\/05\/22221609_1873807649600154_4464158639980953121_n.jpg 960w, https:\/\/aktivstall-am-talbach.de\/wp-content\/uploads\/2018\/05\/22221609_1873807649600154_4464158639980953121_n-300x225.jpg 300w, https:\/\/aktivstall-am-talbach.de\/wp-content\/uploads\/2018\/05\/22221609_1873807649600154_4464158639980953121_n-768x576.jpg 768w\" sizes=\"auto, (max-width: 767px) 89vw, (max-width: 1000px) 54vw, (max-width: 1071px) 543px, 580px\" \/><\/a> <a href=\"http:\/\/aktivstall-am-talbach.de\/wp-content\/uploads\/2018\/05\/22228364_1873807546266831_6241983061600733124_n.jpg\"><img loading=\"lazy\" decoding=\"async\" class=\"alignleft wp-image-525 size-full\" src=\"http:\/\/aktivstall-am-talbach.de\/wp-content\/uploads\/2018\/05\/22228364_1873807546266831_6241983061600733124_n.jpg\" alt=\"\" width=\"960\" height=\"720\" srcset=\"https:\/\/aktivstall-am-talbach.de\/wp-content\/uploads\/2018\/05\/22228364_1873807546266831_6241983061600733124_n.jpg 960w, https:\/\/aktivstall-am-talbach.de\/wp-content\/uploads\/2018\/05\/22228364_1873807546266831_6241983061600733124_n-300x225.jpg 300w, https:\/\/aktivstall-am-talbach.de\/wp-content\/uploads\/2018\/05\/22228364_1873807546266831_6241983061600733124_n-768x576.jpg 768w\" sizes=\"auto, (max-width: 767px) 89vw, (max-width: 1000px) 54vw, (max-width: 1071px) 543px, 580px\" \/><\/a> <a href=\"http:\/\/aktivstall-am-talbach.de\/wp-content\/uploads\/2018\/05\/22140865_1873807329600186_4275979873365065820_n.jpg\"><img loading=\"lazy\" decoding=\"async\" class=\"alignleft wp-image-524 size-full\" src=\"http:\/\/aktivstall-am-talbach.de\/wp-content\/uploads\/2018\/05\/22140865_1873807329600186_4275979873365065820_n.jpg\" alt=\"\" width=\"960\" height=\"720\" srcset=\"https:\/\/aktivstall-am-talbach.de\/wp-content\/uploads\/2018\/05\/22140865_1873807329600186_4275979873365065820_n.jpg 960w, https:\/\/aktivstall-am-talbach.de\/wp-content\/uploads\/2018\/05\/22140865_1873807329600186_4275979873365065820_n-300x225.jpg 300w, https:\/\/aktivstall-am-talbach.de\/wp-content\/uploads\/2018\/05\/22140865_1873807329600186_4275979873365065820_n-768x576.jpg 768w\" sizes=\"auto, (max-width: 767px) 89vw, (max-width: 1000px) 54vw, (max-width: 1071px) 543px, 580px\" \/><\/a><\/p>\n<p><em>Direkt angrenzend an den Aktivstall befinden sich weitl\u00e4ufige Koppeln, die im Sommer wie auch im Winter den Auslauf der Pferde zus\u00e4tzlich erweitern.<\/em><\/p>\n<p><a href=\"http:\/\/aktivstall-am-talbach.de\/wp-content\/uploads\/2017\/03\/bettina-jako-winter-1.jpg\"><img loading=\"lazy\" decoding=\"async\" class=\"alignnone wp-image-130 size-large\" src=\"http:\/\/aktivstall-am-talbach.de\/wp-content\/uploads\/2017\/03\/bettina-jako-winter-1-1024x685.jpg\" alt=\"\" width=\"525\" height=\"351\" srcset=\"https:\/\/aktivstall-am-talbach.de\/wp-content\/uploads\/2017\/03\/bettina-jako-winter-1-1024x685.jpg 1024w, https:\/\/aktivstall-am-talbach.de\/wp-content\/uploads\/2017\/03\/bettina-jako-winter-1-300x201.jpg 300w, https:\/\/aktivstall-am-talbach.de\/wp-content\/uploads\/2017\/03\/bettina-jako-winter-1-768x514.jpg 768w, https:\/\/aktivstall-am-talbach.de\/wp-content\/uploads\/2017\/03\/bettina-jako-winter-1.jpg 2048w\" sizes=\"auto, (max-width: 525px) 100vw, 525px\" \/><\/a><\/p>\n<p><em>Durch die herrliche Lage k\u00f6nnen die Pferde abends einen wundersch\u00f6nen Sonnenuntergang am Horizont bewundern.<\/em><\/p>\n<p><a href=\"http:\/\/aktivstall-am-talbach.de\/wp-content\/uploads\/2017\/03\/Untergang_Quadrat.jpg\"><img loading=\"lazy\" decoding=\"async\" class=\"alignnone wp-image-147 size-large\" src=\"http:\/\/aktivstall-am-talbach.de\/wp-content\/uploads\/2017\/03\/Untergang_Quadrat-1024x768.jpg\" alt=\"\" width=\"525\" height=\"394\" srcset=\"https:\/\/aktivstall-am-talbach.de\/wp-content\/uploads\/2017\/03\/Untergang_Quadrat-1024x768.jpg 1024w, https:\/\/aktivstall-am-talbach.de\/wp-content\/uploads\/2017\/03\/Untergang_Quadrat-300x225.jpg 300w, https:\/\/aktivstall-am-talbach.de\/wp-content\/uploads\/2017\/03\/Untergang_Quadrat-768x576.jpg 768w, https:\/\/aktivstall-am-talbach.de\/wp-content\/uploads\/2017\/03\/Untergang_Quadrat.jpg 2048w\" sizes=\"auto, (max-width: 525px) 100vw, 525px\" \/><\/a><\/p>\n","protected":false},"excerpt":{"rendered":"<p>&nbsp; Direkt angrenzend an den Aktivstall befinden sich weitl\u00e4ufige Koppeln, die im Sommer wie auch im Winter den Auslauf der Pferde zus\u00e4tzlich erweitern. Durch die herrliche Lage k\u00f6nnen die Pferde abends einen wundersch\u00f6nen Sonnenuntergang am Horizont bewundern.<\/p>\n","protected":false},"author":1,"featured_media":0,"parent":0,"menu_order":0,"comment_status":"closed","ping_status":"closed","template":"","meta":{"ngg_post_thumbnail":0,"footnotes":""},"class_list":["post-16","page","type-page","status-publish","hentry"],"aioseo_notices":[],"_links":{"self":[{"href":"https:\/\/aktivstall-am-talbach.de\/index.php?rest_route=\/wp\/v2\/pages\/16","targetHints":{"allow":["GET"]}}],"collection":[{"href":"https:\/\/aktivstall-am-talbach.de\/index.php?rest_route=\/wp\/v2\/pages"}],"about":[{"href":"https:\/\/aktivstall-am-talbach.de\/index.php?rest_route=\/wp\/v2\/types\/page"}],"author":[{"embeddable":true,"href":"https:\/\/aktivstall-am-talbach.de\/index.php?rest_route=\/wp\/v2\/users\/1"}],"replies":[{"embeddable":true,"href":"https:\/\/aktivstall-am-talbach.de\/index.php?rest_route=%2Fwp%2Fv2%2Fcomments&post=16"}],"version-history":[{"count":7,"href":"https:\/\/aktivstall-am-talbach.de\/index.php?rest_route=\/wp\/v2\/pages\/16\/revisions"}],"predecessor-version":[{"id":527,"href":"https:\/\/aktivstall-am-talbach.de\/index.php?rest_route=\/wp\/v2\/pages\/16\/revisions\/527"}],"wp:attachment":[{"href":"https:\/\/aktivstall-am-talbach.de\/index.php?rest_route=%2Fwp%2Fv2%2Fmedia&parent=16"}],"curies":[{"name":"wp","href":"https:\/\/api.w.org\/{rel}","templated":true}]}}