{"id":91,"date":"2017-03-12T17:47:52","date_gmt":"2017-03-12T16:47:52","guid":{"rendered":"http:\/\/aktivstall-am-talbach.de\/?page_id=91"},"modified":"2018-05-10T19:52:35","modified_gmt":"2018-05-10T17:52:35","slug":"schauer-aktivstall","status":"publish","type":"page","link":"https:\/\/aktivstall-am-talbach.de\/?page_id=91","title":{"rendered":"Schauer Aktivstall"},"content":{"rendered":"<p>&nbsp;<\/p>\n<p><a href=\"http:\/\/aktivstall-am-talbach.de\/wp-content\/uploads\/2017\/03\/Futter.jpg\"><img loading=\"lazy\" decoding=\"async\" class=\"alignleft wp-image-134 size-large\" src=\"http:\/\/aktivstall-am-talbach.de\/wp-content\/uploads\/2017\/03\/Futter-1024x576.jpg\" alt=\"\" width=\"525\" height=\"295\" srcset=\"https:\/\/aktivstall-am-talbach.de\/wp-content\/uploads\/2017\/03\/Futter-1024x576.jpg 1024w, https:\/\/aktivstall-am-talbach.de\/wp-content\/uploads\/2017\/03\/Futter-300x169.jpg 300w, https:\/\/aktivstall-am-talbach.de\/wp-content\/uploads\/2017\/03\/Futter-768x432.jpg 768w, https:\/\/aktivstall-am-talbach.de\/wp-content\/uploads\/2017\/03\/Futter.jpg 1600w\" sizes=\"auto, (max-width: 525px) 100vw, 525px\" \/><\/a><\/p>\n<p>&nbsp;<\/p>\n<p>&nbsp;<\/p>\n<p>&nbsp;<\/p>\n<p>&nbsp;<\/p>\n<p>&nbsp;<\/p>\n<p>&nbsp;<\/p>\n<p>&nbsp;<\/p>\n<p><a href=\"http:\/\/aktivstall-am-talbach.de\/wp-content\/uploads\/2018\/05\/DSC_3048.jpg\"><img loading=\"lazy\" decoding=\"async\" class=\"alignleft wp-image-496 size-large\" src=\"http:\/\/aktivstall-am-talbach.de\/wp-content\/uploads\/2018\/05\/DSC_3048-1024x685.jpg\" alt=\"\" width=\"525\" height=\"351\" srcset=\"https:\/\/aktivstall-am-talbach.de\/wp-content\/uploads\/2018\/05\/DSC_3048-1024x685.jpg 1024w, https:\/\/aktivstall-am-talbach.de\/wp-content\/uploads\/2018\/05\/DSC_3048-300x201.jpg 300w, https:\/\/aktivstall-am-talbach.de\/wp-content\/uploads\/2018\/05\/DSC_3048-768x514.jpg 768w\" sizes=\"auto, (max-width: 525px) 100vw, 525px\" \/><\/a><\/p>\n<p>&nbsp;<\/p>\n<p>&nbsp;<\/p>\n<p>&nbsp;<\/p>\n<p>&nbsp;<\/p>\n<p>&nbsp;<\/p>\n<p>&nbsp;<\/p>\n<p>&nbsp;<\/p>\n<p>&nbsp;<\/p>\n<ul>\n<li><em>100 % Gruppenhaltung ( Herdenverband )<\/em><\/li>\n<li><em>gro\u00dfz\u00fcgiger befestigter Auslauf<\/em><\/li>\n<li><em>individuelle F\u00fctterung in der Kraftfutterstation durch Transponder ( Halsband mit Chip )<\/em><\/li>\n<li><em>zeitgesteuerte Heuraufen f\u00fcr die gemeinsame Raufutteraufnahme<\/em><\/li>\n<li><em>Einzel- Heudosierer f\u00fcr schwer futtrige Pferde<\/em><\/li>\n<li><em>&nbsp;Liegehallen mit Miscantus Einstreu<\/em><\/li>\n<li><em>verschiedene Bodenbel\u00e4ge : Sand, Pflaster, Matten, naturbelassener Boden <\/em><\/li>\n<li><em>frostsichere Tr\u00e4nken<\/em><\/li>\n<li><em>ganzj\u00e4hriger Weidegang<\/em><\/li>\n<li><em>Integrationsboxen zur Eingew\u00f6hnung neuer Pferde<\/em><\/li>\n<\/ul>\n<p><a href=\"http:\/\/aktivstall-am-talbach.de\/wp-content\/uploads\/2018\/05\/DSC_2698.jpg\"><img loading=\"lazy\" decoding=\"async\" class=\"alignleft wp-image-470 size-large\" src=\"http:\/\/aktivstall-am-talbach.de\/wp-content\/uploads\/2018\/05\/DSC_2698-1024x685.jpg\" alt=\"\" width=\"525\" height=\"351\" srcset=\"https:\/\/aktivstall-am-talbach.de\/wp-content\/uploads\/2018\/05\/DSC_2698-1024x685.jpg 1024w, https:\/\/aktivstall-am-talbach.de\/wp-content\/uploads\/2018\/05\/DSC_2698-300x201.jpg 300w, https:\/\/aktivstall-am-talbach.de\/wp-content\/uploads\/2018\/05\/DSC_2698-768x514.jpg 768w\" sizes=\"auto, (max-width: 525px) 100vw, 525px\" \/><\/a> <a href=\"http:\/\/aktivstall-am-talbach.de\/wp-content\/uploads\/2018\/05\/DSC_2777.jpg\"><img loading=\"lazy\" decoding=\"async\" class=\"alignleft wp-image-474 size-large\" src=\"http:\/\/aktivstall-am-talbach.de\/wp-content\/uploads\/2018\/05\/DSC_2777-1024x685.jpg\" alt=\"\" width=\"525\" height=\"351\" srcset=\"https:\/\/aktivstall-am-talbach.de\/wp-content\/uploads\/2018\/05\/DSC_2777-1024x685.jpg 1024w, https:\/\/aktivstall-am-talbach.de\/wp-content\/uploads\/2018\/05\/DSC_2777-300x201.jpg 300w, https:\/\/aktivstall-am-talbach.de\/wp-content\/uploads\/2018\/05\/DSC_2777-768x514.jpg 768w\" sizes=\"auto, (max-width: 525px) 100vw, 525px\" \/><\/a><\/p>\n<p>&nbsp;<\/p>\n<p>&nbsp;<\/p>\n","protected":false},"excerpt":{"rendered":"<p>&nbsp; &nbsp; &nbsp; &nbsp; &nbsp; &nbsp; &nbsp; &nbsp; &nbsp; &nbsp; &nbsp; &nbsp; &nbsp; &nbsp; &nbsp; &nbsp; 100 % Gruppenhaltung ( Herdenverband ) gro\u00dfz\u00fcgiger befestigter Auslauf individuelle F\u00fctterung in der Kraftfutterstation durch Transponder ( Halsband mit Chip ) zeitgesteuerte Heuraufen f\u00fcr die gemeinsame Raufutteraufnahme Einzel- Heudosierer f\u00fcr schwer futtrige Pferde &nbsp;Liegehallen mit Miscantus Einstreu verschiedene Bodenbel\u00e4ge &hellip; <\/p>\n<p class=\"link-more\"><a href=\"https:\/\/aktivstall-am-talbach.de\/?page_id=91\" class=\"more-link\"><span class=\"screen-reader-text\">\u201eSchauer Aktivstall\u201c<\/span> weiterlesen<\/a><\/p>\n","protected":false},"author":1,"featured_media":0,"parent":0,"menu_order":0,"comment_status":"closed","ping_status":"closed","template":"","meta":{"ngg_post_thumbnail":0,"footnotes":""},"class_list":["post-91","page","type-page","status-publish","hentry"],"aioseo_notices":[],"_links":{"self":[{"href":"https:\/\/aktivstall-am-talbach.de\/index.php?rest_route=\/wp\/v2\/pages\/91","targetHints":{"allow":["GET"]}}],"collection":[{"href":"https:\/\/aktivstall-am-talbach.de\/index.php?rest_route=\/wp\/v2\/pages"}],"about":[{"href":"https:\/\/aktivstall-am-talbach.de\/index.php?rest_route=\/wp\/v2\/types\/page"}],"author":[{"embeddable":true,"href":"https:\/\/aktivstall-am-talbach.de\/index.php?rest_route=\/wp\/v2\/users\/1"}],"replies":[{"embeddable":true,"href":"https:\/\/aktivstall-am-talbach.de\/index.php?rest_route=%2Fwp%2Fv2%2Fcomments&post=91"}],"version-history":[{"count":17,"href":"https:\/\/aktivstall-am-talbach.de\/index.php?rest_route=\/wp\/v2\/pages\/91\/revisions"}],"predecessor-version":[{"id":507,"href":"https:\/\/aktivstall-am-talbach.de\/index.php?rest_route=\/wp\/v2\/pages\/91\/revisions\/507"}],"wp:attachment":[{"href":"https:\/\/aktivstall-am-talbach.de\/index.php?rest_route=%2Fwp%2Fv2%2Fmedia&parent=91"}],"curies":[{"name":"wp","href":"https:\/\/api.w.org\/{rel}","templated":true}]}}