{"id":93,"date":"2017-03-12T17:49:02","date_gmt":"2017-03-12T16:49:02","guid":{"rendered":"http:\/\/aktivstall-am-talbach.de\/?page_id=93"},"modified":"2018-05-10T20:22:45","modified_gmt":"2018-05-10T18:22:45","slug":"aktivplatz","status":"publish","type":"page","link":"https:\/\/aktivstall-am-talbach.de\/?page_id=93","title":{"rendered":"Aktivplatz"},"content":{"rendered":"<p><a href=\"http:\/\/aktivstall-am-talbach.de\/wp-content\/uploads\/2017\/03\/Sprung.jpg\"><img loading=\"lazy\" decoding=\"async\" class=\"alignnone wp-image-143 size-large\" src=\"http:\/\/aktivstall-am-talbach.de\/wp-content\/uploads\/2017\/03\/Sprung-1024x713.jpg\" alt=\"\" width=\"525\" height=\"366\" srcset=\"https:\/\/aktivstall-am-talbach.de\/wp-content\/uploads\/2017\/03\/Sprung-1024x713.jpg 1024w, https:\/\/aktivstall-am-talbach.de\/wp-content\/uploads\/2017\/03\/Sprung-300x209.jpg 300w, https:\/\/aktivstall-am-talbach.de\/wp-content\/uploads\/2017\/03\/Sprung-768x535.jpg 768w, https:\/\/aktivstall-am-talbach.de\/wp-content\/uploads\/2017\/03\/Sprung.jpg 1658w\" sizes=\"auto, (max-width: 525px) 100vw, 525px\" \/><\/a><\/p>\n<ul>\n<li><em>Vollpension<\/em><\/li>\n<li><em>gro\u00dfz\u00fcgiger video\u00fcberwachter Paddock <\/em><\/li>\n<li><em>ganzj\u00e4hrlicher Weidegang<\/em><\/li>\n<li><em>Au\u00dfen Reitplatz <\/em><\/li>\n<li><em>Pferde &#8211; Waschplatz<\/em><\/li>\n<li><em>jedem Einsteller steht ein gro\u00dfz\u00fcgiger Sattelschrank zur Verf\u00fcgung<\/em><\/li>\n<li><em>Aufenthaltsraum f\u00fcr gemeinsame Stunden<\/em><\/li>\n<li><em>individuelle und nat\u00fcrliche F\u00fctterung angepasst an die Bed\u00fcrfnisse des jeweiligen Pferdes.<\/em><\/li>\n<li><em>Nat\u00fcrliche Sozialkontakte und Herdengef\u00fchl<\/em><\/li>\n<li><em>ideales Luftklima keine Boxenhaltung<\/em><\/li>\n<li><em>Round-Pen<\/em><\/li>\n<\/ul>\n<p><a href=\"http:\/\/aktivstall-am-talbach.de\/wp-content\/uploads\/2018\/05\/DSC_2822.jpg\"><img loading=\"lazy\" decoding=\"async\" class=\"alignleft wp-image-484 size-large\" src=\"http:\/\/aktivstall-am-talbach.de\/wp-content\/uploads\/2018\/05\/DSC_2822-1024x685.jpg\" alt=\"\" width=\"525\" height=\"351\" srcset=\"https:\/\/aktivstall-am-talbach.de\/wp-content\/uploads\/2018\/05\/DSC_2822-1024x685.jpg 1024w, https:\/\/aktivstall-am-talbach.de\/wp-content\/uploads\/2018\/05\/DSC_2822-300x201.jpg 300w, https:\/\/aktivstall-am-talbach.de\/wp-content\/uploads\/2018\/05\/DSC_2822-768x514.jpg 768w\" sizes=\"auto, (max-width: 525px) 100vw, 525px\" \/><\/a> <a href=\"http:\/\/aktivstall-am-talbach.de\/wp-content\/uploads\/2018\/05\/DSC_2803.jpg\"><img loading=\"lazy\" decoding=\"async\" class=\"alignleft wp-image-480 size-large\" src=\"http:\/\/aktivstall-am-talbach.de\/wp-content\/uploads\/2018\/05\/DSC_2803-1024x685.jpg\" alt=\"\" width=\"525\" height=\"351\" srcset=\"https:\/\/aktivstall-am-talbach.de\/wp-content\/uploads\/2018\/05\/DSC_2803-1024x685.jpg 1024w, https:\/\/aktivstall-am-talbach.de\/wp-content\/uploads\/2018\/05\/DSC_2803-300x201.jpg 300w, https:\/\/aktivstall-am-talbach.de\/wp-content\/uploads\/2018\/05\/DSC_2803-768x514.jpg 768w\" sizes=\"auto, (max-width: 525px) 100vw, 525px\" \/><\/a><\/p>\n","protected":false},"excerpt":{"rendered":"<p>Vollpension gro\u00dfz\u00fcgiger video\u00fcberwachter Paddock ganzj\u00e4hrlicher Weidegang Au\u00dfen Reitplatz Pferde &#8211; Waschplatz jedem Einsteller steht ein gro\u00dfz\u00fcgiger Sattelschrank zur Verf\u00fcgung Aufenthaltsraum f\u00fcr gemeinsame Stunden individuelle und nat\u00fcrliche F\u00fctterung angepasst an die Bed\u00fcrfnisse des jeweiligen Pferdes. Nat\u00fcrliche Sozialkontakte und Herdengef\u00fchl ideales Luftklima keine Boxenhaltung Round-Pen<\/p>\n","protected":false},"author":1,"featured_media":0,"parent":0,"menu_order":0,"comment_status":"closed","ping_status":"closed","template":"","meta":{"ngg_post_thumbnail":0,"footnotes":""},"class_list":["post-93","page","type-page","status-publish","hentry"],"aioseo_notices":[],"_links":{"self":[{"href":"https:\/\/aktivstall-am-talbach.de\/index.php?rest_route=\/wp\/v2\/pages\/93","targetHints":{"allow":["GET"]}}],"collection":[{"href":"https:\/\/aktivstall-am-talbach.de\/index.php?rest_route=\/wp\/v2\/pages"}],"about":[{"href":"https:\/\/aktivstall-am-talbach.de\/index.php?rest_route=\/wp\/v2\/types\/page"}],"author":[{"embeddable":true,"href":"https:\/\/aktivstall-am-talbach.de\/index.php?rest_route=\/wp\/v2\/users\/1"}],"replies":[{"embeddable":true,"href":"https:\/\/aktivstall-am-talbach.de\/index.php?rest_route=%2Fwp%2Fv2%2Fcomments&post=93"}],"version-history":[{"count":8,"href":"https:\/\/aktivstall-am-talbach.de\/index.php?rest_route=\/wp\/v2\/pages\/93\/revisions"}],"predecessor-version":[{"id":508,"href":"https:\/\/aktivstall-am-talbach.de\/index.php?rest_route=\/wp\/v2\/pages\/93\/revisions\/508"}],"wp:attachment":[{"href":"https:\/\/aktivstall-am-talbach.de\/index.php?rest_route=%2Fwp%2Fv2%2Fmedia&parent=93"}],"curies":[{"name":"wp","href":"https:\/\/api.w.org\/{rel}","templated":true}]}}